{"id":2804,"date":"2018-03-14T10:41:26","date_gmt":"2018-03-14T09:41:26","guid":{"rendered":"http:\/\/www.zaccantispa.it\/servizi\/"},"modified":"2019-01-31T14:12:32","modified_gmt":"2019-01-31T13:12:32","slug":"servizi","status":"publish","type":"page","link":"https:\/\/www.zaccantispa.it\/de\/servizi\/","title":{"rendered":"Dienstleistungen"},"content":{"rendered":"<div id=\"cmsmasters_row_j7ptrrmzcw\" class=\"cmsmasters_row cmsmasters_color_scheme_default cmsmasters_row_top_default cmsmasters_row_bot_default cmsmasters_row_boxed\">\n<div class=\"cmsmasters_row_outer_parent\">\n<div class=\"cmsmasters_row_outer\">\n<div class=\"cmsmasters_row_inner\">\n<div class=\"cmsmasters_row_margin\">\n<div id=\"cmsmasters_column_crku8ynxk\" class=\"cmsmasters_column one_first\">\n<div class=\"cmsmasters_column_inner\">\n<div id=\"cmsmasters_divider_3axuu8culf\" class=\"cmsmasters_divider cmsmasters_divider_width_long cmsmasters_divider_pos_center\"><\/div>\n<\/div><\/div>\n<\/div>\n<\/div>\n<\/div>\n<\/div>\n<\/div>\n<div id=\"cmsmasters_row_let1k14pt\" class=\"cmsmasters_row cmsmasters_color_scheme_default cmsmasters_row_top_default cmsmasters_row_bot_default cmsmasters_row_boxed\">\n<div class=\"cmsmasters_row_outer_parent\">\n<div class=\"cmsmasters_row_outer\">\n<div class=\"cmsmasters_row_inner\">\n<div class=\"cmsmasters_row_margin\">\n<div id=\"cmsmasters_column_8f6givrq6g\" class=\"cmsmasters_column one_first\">\n<div class=\"cmsmasters_column_inner\"><div id=\"cmsmasters_heading_lbifyexqwk\" class=\"cmsmasters_heading_wrap cmsmasters_heading_align_left\">\n\t<h2 class=\"cmsmasters_heading\">Wir h\u00f6ren Ihnen zu<\/h2>\n<\/div>\n<div id=\"cmsmasters_divider_rrr7ecx31\" class=\"cmsmasters_divider cmsmasters_divider_width_long cmsmasters_divider_pos_center\"><\/div>\n<div class=\"cmsmasters_img  cmsmasters_image_l catena\"><img decoding=\"async\" src=\"https:\/\/www.zaccantispa.it\/wp-content\/uploads\/2019\/01\/catena-DE.jpg\" \/><\/div>\n<div id=\"cmsmasters_divider_ajseb2hug\" class=\"cmsmasters_divider cmsmasters_divider_width_long cmsmasters_divider_pos_center\"><\/div>\n<div class=\"cmsmasters_text\">\n<p style=\"text-align: justify; margin-top: 40px;\">Wir machen unsere Arbeit mit <strong>Leidenschaft<\/strong> und wir arbeiten hart daf\u00fcr, jeden Tag das Beste <strong>herauszuholen<\/strong>. Wir bieten <strong>ma\u00dfgeschneiderte L\u00f6sungen<\/strong>, ausgehend vom tats\u00e4chlichen Bedarf des Chirurgen. Wir sind bestrebt, auf die Bed\u00fcrfnisse jedes Kunden einzugehen, um die <strong>Anforderungen<\/strong> vollst\u00e4ndig zu verstehen: Nur wenn wir Ihre Arbeitsweise und Ihr Raummanagement beobachten, k\u00f6nnen wir selbst komplexere Anforderungen erf\u00fcllen. Unser Ziel ist es, <strong>Synergien<\/strong> zu schaffen, die nicht mit dem Verkauf enden, sondern im Gegenteil genau mit dem Kauf der Ger\u00e4te beginnen. Zaccanti Spa ist immer<strong> an der Seite der \u00c4rzte und Krankenh\u00e4user,<\/strong> um den Gebrauchszustand der Maschinen zu pr\u00fcfen und die Endbenutzer in den fortschrittlichsten Techniken weiterzubilden.<\/p>\n<\/div>\n<\/div><\/div>\n<\/div>\n<\/div>\n<\/div>\n<\/div>\n<\/div>\n<div id=\"cmsmasters_row_p5m1l0pt0t\" class=\"cmsmasters_row cmsmasters_color_scheme_default cmsmasters_row_top_default cmsmasters_row_bot_default cmsmasters_row_boxed\">\n<div class=\"cmsmasters_row_outer_parent\">\n<div class=\"cmsmasters_row_outer\">\n<div class=\"cmsmasters_row_inner\">\n<div class=\"cmsmasters_row_margin\">\n<div id=\"cmsmasters_column_grhwzzsmjz\" class=\"cmsmasters_column one_third\">\n<div class=\"cmsmasters_column_inner\"><div class=\"aligncenter\"><div class=\"cmsmasters_img  cmsmasters_image_c\"><img decoding=\"async\" src=\"https:\/\/www.zaccantispa.it\/wp-content\/uploads\/2018\/03\/vendite3-1.jpg\" \/><\/div><\/div><div id=\"cmsmasters_heading_7c95ie4lcq\" class=\"cmsmasters_heading_wrap cmsmasters_heading_align_center\">\n\t<h2 class=\"cmsmasters_heading\">Beratung<\/h2>\n<\/div><div class=\"cmsmasters_text\">\n<p style=\"text-align: justify;\">Die <strong>Technologien<\/strong>, welche die Grundlage f\u00fcr moderne elektromedizinische Ger\u00e4te bilden, entwickeln sich kontinuierlich weiter. Aus diesem Grund lassen wir unsere Kunden niemals alleine und bieten Beratung an, um sie \u00fcber die <strong>Entwicklungen in der Operationstechnik<\/strong> auf den neuesten Stand zu bringen. Das ist nicht nur eine Frage der <strong>Ger\u00e4te<\/strong>: Bei jedem Instrument sind es die menschlichen H\u00e4nde, die es verwenden, die die wahre, st\u00e4ndig auf dem Laufenden zu haltende Technologie sind.<\/p>\n<\/div>\n<\/div><\/div>\n<div id=\"cmsmasters_column_e4shrs7axl\" class=\"cmsmasters_column one_third\">\n<div class=\"cmsmasters_column_inner\"><div class=\"aligncenter\"><div class=\"cmsmasters_img  cmsmasters_image_c\"><img decoding=\"async\" src=\"https:\/\/www.zaccantispa.it\/wp-content\/uploads\/2018\/10\/progettazione3.jpg\" \/><\/div><\/div><div id=\"cmsmasters_heading_1zmdeuyv1m\" class=\"cmsmasters_heading_wrap cmsmasters_heading_align_left\">\n\t<h2 class=\"cmsmasters_heading\">Verkayf und Kundenservice<\/h2>\n<\/div><div class=\"cmsmasters_text\">\n<p style=\"text-align: justify;\"><strong>Wir bieten hochwertige elektromedizinische Ger\u00e4te<\/strong> an und wir glauben an die Synergien \u00fcber den Input der Kunden. Wir bieten einen Service mit <strong>Unterst\u00fctzung und Wartung<\/strong> durch unsere technischen Mitarbeiter an, die die Benutzer unserer Produkte Schritt f\u00fcr Schritt begleiten. Die Versorgung mit elektromedizinischen Systemen erfordert einen <strong>garantierten kontinuierlichen Service<\/strong>, den Zaccanti Spa seit jeher zu bieten versucht.<\/p>\n<\/div>\n<\/div><\/div>\n<div id=\"cmsmasters_column_8qvh8ttso\" class=\"cmsmasters_column one_third\">\n<div class=\"cmsmasters_column_inner\"><div class=\"aligncenter\"><div class=\"cmsmasters_img  cmsmasters_image_c\"><img decoding=\"async\" src=\"https:\/\/www.zaccantispa.it\/wp-content\/uploads\/2018\/03\/2form.jpg\" \/><\/div><\/div><div id=\"cmsmasters_heading_2t43d46ujv\" class=\"cmsmasters_heading_wrap cmsmasters_heading_align_center\">\n\t<h2 class=\"cmsmasters_heading\">Aus- und Weiterbildung<\/h2>\n<\/div><div class=\"cmsmasters_text\">\n<p style=\"text-align: justify;\">Unsere <strong>Qualit\u00e4tskultur<\/strong> ist seit \u00fcber sechzig Jahren unser Zeichen. Nach dem Verkauf jedes Ger\u00e4tes beginnen wir mit <strong>Schulungsma\u00dfnahmen<\/strong> f\u00fcr die Endbenutzer unserer Produkte. Das Erlernen der <strong>richtigen Anwendungsmethode<\/strong> eines Instruments reduziert die Risiken f\u00fcr den Patienten, garantiert <strong>Sicherheit<\/strong> f\u00fcr den Chirurgen und maximiert die Leistungsf\u00e4higkeit jeder Technologie.<\/p>\n<\/div>\n<\/div><\/div>\n<\/div>\n<\/div>\n<\/div>\n<\/div>\n<\/div>\n<div id=\"cmsmasters_row_jz2z4n117t\" class=\"cmsmasters_row cmsmasters_color_scheme_default cmsmasters_row_top_default cmsmasters_row_bot_default cmsmasters_row_boxed\">\n<div class=\"cmsmasters_row_outer_parent\">\n<div class=\"cmsmasters_row_outer\">\n<div class=\"cmsmasters_row_inner\">\n<div class=\"cmsmasters_row_margin\">\n<div id=\"cmsmasters_column_8vok6lmr0a\" class=\"cmsmasters_column one_first\">\n<div class=\"cmsmasters_column_inner\"><\/div><\/div>\n<\/div>\n<\/div>\n<\/div>\n<\/div>\n<\/div>\n\n","protected":false},"excerpt":{"rendered":"","protected":false},"author":1,"featured_media":0,"parent":0,"menu_order":0,"comment_status":"closed","ping_status":"closed","template":"","meta":{"footnotes":""},"class_list":["post-2804","page","type-page","status-publish","hentry"],"yoast_head":"<!-- This site is optimized with the Yoast SEO plugin v27.4 - https:\/\/yoast.com\/product\/yoast-seo-wordpress\/ -->\n<title>Dienstleistungen - Zaccanti S.p.A.<\/title>\n<meta name=\"robots\" content=\"index, follow, max-snippet:-1, max-image-preview:large, max-video-preview:-1\" \/>\n<link rel=\"canonical\" href=\"https:\/\/www.zaccantispa.it\/de\/servizi\/\" \/>\n<meta property=\"og:locale\" content=\"de_DE\" \/>\n<meta property=\"og:type\" content=\"article\" \/>\n<meta property=\"og:title\" content=\"Dienstleistungen - Zaccanti S.p.A.\" \/>\n<meta property=\"og:url\" content=\"https:\/\/www.zaccantispa.it\/de\/servizi\/\" \/>\n<meta property=\"og:site_name\" content=\"Zaccanti S.p.A.\" \/>\n<meta property=\"article:publisher\" content=\"https:\/\/www.facebook.com\/ZaccantiSpABologna\" \/>\n<meta property=\"article:modified_time\" content=\"2019-01-31T13:12:32+00:00\" \/>\n<meta name=\"twitter:card\" content=\"summary_large_image\" \/>\n<meta name=\"twitter:label1\" content=\"Gesch\u00e4tzte Lesezeit\" \/>\n\t<meta name=\"twitter:data1\" content=\"6\u00a0Minuten\" \/>\n<script type=\"application\/ld+json\" class=\"yoast-schema-graph\">{\"@context\":\"https:\\\/\\\/schema.org\",\"@graph\":[{\"@type\":\"WebPage\",\"@id\":\"https:\\\/\\\/www.zaccantispa.it\\\/de\\\/servizi\\\/\",\"url\":\"https:\\\/\\\/www.zaccantispa.it\\\/de\\\/servizi\\\/\",\"name\":\"Dienstleistungen - Zaccanti S.p.A.\",\"isPartOf\":{\"@id\":\"https:\\\/\\\/www.zaccantispa.it\\\/en\\\/#website\"},\"datePublished\":\"2018-03-14T09:41:26+00:00\",\"dateModified\":\"2019-01-31T13:12:32+00:00\",\"breadcrumb\":{\"@id\":\"https:\\\/\\\/www.zaccantispa.it\\\/de\\\/servizi\\\/#breadcrumb\"},\"inLanguage\":\"de\",\"potentialAction\":[{\"@type\":\"ReadAction\",\"target\":[\"https:\\\/\\\/www.zaccantispa.it\\\/de\\\/servizi\\\/\"]}]},{\"@type\":\"BreadcrumbList\",\"@id\":\"https:\\\/\\\/www.zaccantispa.it\\\/de\\\/servizi\\\/#breadcrumb\",\"itemListElement\":[{\"@type\":\"ListItem\",\"position\":1,\"name\":\"Home\",\"item\":\"https:\\\/\\\/www.zaccantispa.it\\\/de\\\/\"},{\"@type\":\"ListItem\",\"position\":2,\"name\":\"Dienstleistungen\"}]},{\"@type\":\"WebSite\",\"@id\":\"https:\\\/\\\/www.zaccantispa.it\\\/en\\\/#website\",\"url\":\"https:\\\/\\\/www.zaccantispa.it\\\/en\\\/\",\"name\":\"Zaccanti S.p.A.\",\"description\":\"La chirurgia esplora nuovi mondi\",\"publisher\":{\"@id\":\"https:\\\/\\\/www.zaccantispa.it\\\/en\\\/#organization\"},\"potentialAction\":[{\"@type\":\"SearchAction\",\"target\":{\"@type\":\"EntryPoint\",\"urlTemplate\":\"https:\\\/\\\/www.zaccantispa.it\\\/en\\\/?s={search_term_string}\"},\"query-input\":{\"@type\":\"PropertyValueSpecification\",\"valueRequired\":true,\"valueName\":\"search_term_string\"}}],\"inLanguage\":\"de\"},{\"@type\":\"Organization\",\"@id\":\"https:\\\/\\\/www.zaccantispa.it\\\/en\\\/#organization\",\"name\":\"Zaccanti s.p.a.\",\"url\":\"https:\\\/\\\/www.zaccantispa.it\\\/en\\\/\",\"logo\":{\"@type\":\"ImageObject\",\"inLanguage\":\"de\",\"@id\":\"https:\\\/\\\/www.zaccantispa.it\\\/en\\\/#\\\/schema\\\/logo\\\/image\\\/\",\"url\":\"https:\\\/\\\/www.zaccantispa.it\\\/wp-content\\\/uploads\\\/2024\\\/05\\\/cropped-2024-02-14-Zaccanti-Bocchetti-Group-70-1954-2024-su-fondo-bianco-logo.png\",\"contentUrl\":\"https:\\\/\\\/www.zaccantispa.it\\\/wp-content\\\/uploads\\\/2024\\\/05\\\/cropped-2024-02-14-Zaccanti-Bocchetti-Group-70-1954-2024-su-fondo-bianco-logo.png\",\"width\":512,\"height\":512,\"caption\":\"Zaccanti s.p.a.\"},\"image\":{\"@id\":\"https:\\\/\\\/www.zaccantispa.it\\\/en\\\/#\\\/schema\\\/logo\\\/image\\\/\"},\"sameAs\":[\"https:\\\/\\\/www.facebook.com\\\/ZaccantiSpABologna\",\"https:\\\/\\\/www.linkedin.com\\\/company\\\/zaccanti-s-p-a\\\/\"]}]}<\/script>\n<!-- \/ Yoast SEO plugin. -->","yoast_head_json":{"title":"Dienstleistungen - Zaccanti S.p.A.","robots":{"index":"index","follow":"follow","max-snippet":"max-snippet:-1","max-image-preview":"max-image-preview:large","max-video-preview":"max-video-preview:-1"},"canonical":"https:\/\/www.zaccantispa.it\/de\/servizi\/","og_locale":"de_DE","og_type":"article","og_title":"Dienstleistungen - Zaccanti S.p.A.","og_url":"https:\/\/www.zaccantispa.it\/de\/servizi\/","og_site_name":"Zaccanti S.p.A.","article_publisher":"https:\/\/www.facebook.com\/ZaccantiSpABologna","article_modified_time":"2019-01-31T13:12:32+00:00","twitter_card":"summary_large_image","twitter_misc":{"Gesch\u00e4tzte Lesezeit":"6\u00a0Minuten"},"schema":{"@context":"https:\/\/schema.org","@graph":[{"@type":"WebPage","@id":"https:\/\/www.zaccantispa.it\/de\/servizi\/","url":"https:\/\/www.zaccantispa.it\/de\/servizi\/","name":"Dienstleistungen - Zaccanti S.p.A.","isPartOf":{"@id":"https:\/\/www.zaccantispa.it\/en\/#website"},"datePublished":"2018-03-14T09:41:26+00:00","dateModified":"2019-01-31T13:12:32+00:00","breadcrumb":{"@id":"https:\/\/www.zaccantispa.it\/de\/servizi\/#breadcrumb"},"inLanguage":"de","potentialAction":[{"@type":"ReadAction","target":["https:\/\/www.zaccantispa.it\/de\/servizi\/"]}]},{"@type":"BreadcrumbList","@id":"https:\/\/www.zaccantispa.it\/de\/servizi\/#breadcrumb","itemListElement":[{"@type":"ListItem","position":1,"name":"Home","item":"https:\/\/www.zaccantispa.it\/de\/"},{"@type":"ListItem","position":2,"name":"Dienstleistungen"}]},{"@type":"WebSite","@id":"https:\/\/www.zaccantispa.it\/en\/#website","url":"https:\/\/www.zaccantispa.it\/en\/","name":"Zaccanti S.p.A.","description":"La chirurgia esplora nuovi mondi","publisher":{"@id":"https:\/\/www.zaccantispa.it\/en\/#organization"},"potentialAction":[{"@type":"SearchAction","target":{"@type":"EntryPoint","urlTemplate":"https:\/\/www.zaccantispa.it\/en\/?s={search_term_string}"},"query-input":{"@type":"PropertyValueSpecification","valueRequired":true,"valueName":"search_term_string"}}],"inLanguage":"de"},{"@type":"Organization","@id":"https:\/\/www.zaccantispa.it\/en\/#organization","name":"Zaccanti s.p.a.","url":"https:\/\/www.zaccantispa.it\/en\/","logo":{"@type":"ImageObject","inLanguage":"de","@id":"https:\/\/www.zaccantispa.it\/en\/#\/schema\/logo\/image\/","url":"https:\/\/www.zaccantispa.it\/wp-content\/uploads\/2024\/05\/cropped-2024-02-14-Zaccanti-Bocchetti-Group-70-1954-2024-su-fondo-bianco-logo.png","contentUrl":"https:\/\/www.zaccantispa.it\/wp-content\/uploads\/2024\/05\/cropped-2024-02-14-Zaccanti-Bocchetti-Group-70-1954-2024-su-fondo-bianco-logo.png","width":512,"height":512,"caption":"Zaccanti s.p.a."},"image":{"@id":"https:\/\/www.zaccantispa.it\/en\/#\/schema\/logo\/image\/"},"sameAs":["https:\/\/www.facebook.com\/ZaccantiSpABologna","https:\/\/www.linkedin.com\/company\/zaccanti-s-p-a\/"]}]}},"_links":{"self":[{"href":"https:\/\/www.zaccantispa.it\/de\/wp-json\/wp\/v2\/pages\/2804","targetHints":{"allow":["GET"]}}],"collection":[{"href":"https:\/\/www.zaccantispa.it\/de\/wp-json\/wp\/v2\/pages"}],"about":[{"href":"https:\/\/www.zaccantispa.it\/de\/wp-json\/wp\/v2\/types\/page"}],"author":[{"embeddable":true,"href":"https:\/\/www.zaccantispa.it\/de\/wp-json\/wp\/v2\/users\/1"}],"replies":[{"embeddable":true,"href":"https:\/\/www.zaccantispa.it\/de\/wp-json\/wp\/v2\/comments?post=2804"}],"version-history":[{"count":4,"href":"https:\/\/www.zaccantispa.it\/de\/wp-json\/wp\/v2\/pages\/2804\/revisions"}],"predecessor-version":[{"id":2996,"href":"https:\/\/www.zaccantispa.it\/de\/wp-json\/wp\/v2\/pages\/2804\/revisions\/2996"}],"wp:attachment":[{"href":"https:\/\/www.zaccantispa.it\/de\/wp-json\/wp\/v2\/media?parent=2804"}],"curies":[{"name":"wp","href":"https:\/\/api.w.org\/{rel}","templated":true}]}}