{"id":2807,"date":"2018-03-14T11:15:11","date_gmt":"2018-03-14T10:15:11","guid":{"rendered":"http:\/\/www.zaccantispa.it\/servizi-2\/"},"modified":"2025-06-16T12:18:09","modified_gmt":"2025-06-16T10:18:09","slug":"servizi-2","status":"publish","type":"page","link":"https:\/\/www.zaccantispa.it\/de\/servizi-2\/","title":{"rendered":"Produkte und Marken f\u00fcr sie"},"content":{"rendered":"<div id=\"cmsmasters_row_j7ptrrmzcw\" class=\"cmsmasters_row cmsmasters_color_scheme_default cmsmasters_row_top_default cmsmasters_row_bot_default cmsmasters_row_boxed\">\n<div class=\"cmsmasters_row_outer_parent\">\n<div class=\"cmsmasters_row_outer\">\n<div class=\"cmsmasters_row_inner\">\n<div class=\"cmsmasters_row_margin\">\n<div id=\"cmsmasters_column_crku8ynxk\" class=\"cmsmasters_column one_first\">\n<div class=\"cmsmasters_column_inner\">\n<div id=\"cmsmasters_divider_3axuu8culf\" class=\"cmsmasters_divider cmsmasters_divider_width_long cmsmasters_divider_pos_center\"><\/div>\n<\/div><\/div>\n<\/div>\n<\/div>\n<\/div>\n<\/div>\n<\/div>\n<div id=\"cmsmasters_row_let1k14pt\" class=\"cmsmasters_row cmsmasters_color_scheme_default cmsmasters_row_top_default cmsmasters_row_bot_default cmsmasters_row_boxed\">\n<div class=\"cmsmasters_row_outer_parent\">\n<div class=\"cmsmasters_row_outer\">\n<div class=\"cmsmasters_row_inner\">\n<div class=\"cmsmasters_row_margin\">\n<div id=\"cmsmasters_column_8f6givrq6g\" class=\"cmsmasters_column one_first\">\n<div class=\"cmsmasters_column_inner\"><div id=\"cmsmasters_heading_v48nhsafmk\" class=\"cmsmasters_heading_wrap cmsmasters_heading_align_left\">\n\t<h2 class=\"cmsmasters_heading\">Partner mit technologischer Spitzentechnologie<\/h2>\n<\/div>\n<div id=\"cmsmasters_divider_2zt84pt05\" class=\"cmsmasters_divider cmsmasters_divider_width_long cmsmasters_divider_pos_center\"><\/div>\n<div class=\"cmsmasters_text\">\n<p>Die Partnerschaften mit gro\u00dfen Marken der Branche erm\u00f6glichen es uns, Kompetenz und Qualit\u00e4t auf h\u00f6chstem Niveau anzubieten. Wir sind Gro\u00dfh\u00e4ndler f\u00fcr Marken wie <strong>Karl Storz<\/strong>, <strong>KLS Martin<\/strong>\u00a0und <strong>COOK<\/strong>, mit denen wir jeden Tag versuchen, auf die h\u00f6chsten technologischen und qualitativen Standards zu reagieren, um f\u00fcr jeden Patienten das Beste zu gew\u00e4hrleisten und jeden Arzt mit den fortschrittlichsten Instrumenten f\u00fcr die Aus\u00fcbung seines Berufes zu versorgen. Unser Ziel ist ein gutes Gesundheitswesen, das jeder Kranke auf seinem schweren Weg antreffen m\u00f6chte.<\/p>\n<\/div>\n<\/div><\/div>\n<\/div>\n<\/div>\n<\/div>\n<\/div>\n<\/div>\n<div id=\"cmsmasters_row_8us4c921r5\" class=\"cmsmasters_row cmsmasters_color_scheme_default cmsmasters_row_top_default cmsmasters_row_bot_default cmsmasters_row_boxed\">\n<div class=\"cmsmasters_row_outer_parent\">\n<div class=\"cmsmasters_row_outer\">\n<div class=\"cmsmasters_row_inner\">\n<div class=\"cmsmasters_row_margin\">\n<div id=\"cmsmasters_column_hfn7lgvrrn\" class=\"cmsmasters_column one_third\">\n<div class=\"cmsmasters_column_inner\"><div class=\"aligncenter\"><div class=\"cmsmasters_img  cmsmasters_image_c\"><a href=\"https:\/\/www.karlstorz.com\/it\/it\/index.htm?target=\" target=\"_blank\"><img decoding=\"async\" src=\"https:\/\/www.zaccantispa.it\/wp-content\/uploads\/2018\/09\/2storz.jpg\" \/><\/a><\/div><\/div>\n<\/div><\/div>\n<div id=\"cmsmasters_column_1g3ym634uc\" class=\"cmsmasters_column one_third\">\n<div class=\"cmsmasters_column_inner\"><div class=\"aligncenter\"><div class=\"cmsmasters_img  cmsmasters_image_c\"><a href=\"https:\/\/www.klsmartin.com\/de\/\" target=\"_blank\"><img decoding=\"async\" src=\"https:\/\/www.zaccantispa.it\/wp-content\/uploads\/2018\/03\/2kls.jpg\" \/><\/a><\/div><\/div>\n<\/div><\/div>\n<div id=\"cmsmasters_column_pzelaki1j\" class=\"cmsmasters_column one_third\">\n<div class=\"cmsmasters_column_inner\"><div class=\"aligncenter\"><div class=\"cmsmasters_img  cmsmasters_image_c\"><a href=\"https:\/\/www.cookmedical.com\/\" target=\"_blank\"><img decoding=\"async\" src=\"https:\/\/www.zaccantispa.it\/wp-content\/uploads\/2024\/01\/cook-medical.jpg\" \/><\/a><\/div><\/div>\n<\/div><\/div>\n<\/div>\n<\/div>\n<\/div>\n<\/div>\n<\/div>\n<div id=\"cmsmasters_row_y7vvmm4hoa\" class=\"cmsmasters_row cmsmasters_color_scheme_default cmsmasters_row_top_default cmsmasters_row_bot_default cmsmasters_row_boxed\">\n<div class=\"cmsmasters_row_outer_parent\">\n<div class=\"cmsmasters_row_outer\">\n<div class=\"cmsmasters_row_inner\">\n<div class=\"cmsmasters_row_margin\">\n<div id=\"cmsmasters_column_sr7s39beis\" class=\"cmsmasters_column one_third\">\n<div class=\"cmsmasters_column_inner\"><div class=\"aligncenter\"><div class=\"cmsmasters_img  cmsmasters_image_c\"><a href=\"https:\/\/www.merillife.com\/\" target=\"_blank\"><img decoding=\"async\" src=\"https:\/\/www.zaccantispa.it\/wp-content\/uploads\/2023\/11\/Meril-Endo-Logo.jpg\" \/><\/a><\/div><\/div>\n<\/div><\/div>\n<div id=\"cmsmasters_column_pssj24btvr\" class=\"cmsmasters_column one_third\">\n<div class=\"cmsmasters_column_inner\"><div class=\"aligncenter\"><div class=\"cmsmasters_img  cmsmasters_image_c\"><a href=\"https:\/\/www.dornier.com\/de\/\" target=\"_blank\"><img decoding=\"async\" src=\"https:\/\/www.zaccantispa.it\/wp-content\/uploads\/2023\/11\/Dornier_Logo_Horizontal_Full-Color-2.jpg\" \/><\/a><\/div><\/div>\n<\/div><\/div>\n<div id=\"cmsmasters_column_bbasdc87m8\" class=\"cmsmasters_column one_third\">\n<div class=\"cmsmasters_column_inner\"><div class=\"aligncenter\"><div class=\"cmsmasters_img  cmsmasters_image_c\"><a href=\"https:\/\/www.cover-srl.com\/en\/home-english\/\" target=\"_blank\"><img decoding=\"async\" src=\"https:\/\/www.zaccantispa.it\/wp-content\/uploads\/2023\/11\/YUSHU-Logo-Sep2023-1.jpg\" \/><\/a><\/div><\/div>\n<\/div><\/div>\n<\/div>\n<\/div>\n<\/div>\n<\/div>\n<\/div>\n<div id=\"cmsmasters_row_6hseqtg4e\" class=\"cmsmasters_row cmsmasters_color_scheme_default cmsmasters_row_top_default cmsmasters_row_bot_default cmsmasters_row_boxed\">\n<div class=\"cmsmasters_row_outer_parent\">\n<div class=\"cmsmasters_row_outer\">\n<div class=\"cmsmasters_row_inner\">\n<div class=\"cmsmasters_row_margin\">\n<div id=\"cmsmasters_column_rzzg0i141q\" class=\"cmsmasters_column one_third\">\n<div class=\"cmsmasters_column_inner\"><div class=\"aligncenter\"><div class=\"cmsmasters_img  cmsmasters_image_c\"><img decoding=\"async\" src=\"https:\/\/www.zaccantispa.it\/wp-content\/uploads\/2019\/12\/sony3.jpg\" \/><\/div><\/div>\n<\/div><\/div>\n<div id=\"cmsmasters_column_z4h1yo147\" class=\"cmsmasters_column one_third\">\n<div class=\"cmsmasters_column_inner\"><\/div><\/div>\n<div id=\"cmsmasters_column_abazg0ih59\" class=\"cmsmasters_column one_third\">\n<div class=\"cmsmasters_column_inner\"><div class=\"cmsmasters_img  cmsmasters_image_n\"><img decoding=\"async\" src=\"https:\/\/www.zaccantispa.it\/wp-content\/uploads\/2025\/06\/Logo_Accurate-1.png\" \/><\/div>\n<\/div><\/div>\n<\/div>\n<\/div>\n<\/div>\n<\/div>\n<\/div>\n<div id=\"cmsmasters_row_5wy75qf1pd\" class=\"cmsmasters_row cmsmasters_color_scheme_default cmsmasters_row_top_default cmsmasters_row_bot_default cmsmasters_row_boxed\">\n<div class=\"cmsmasters_row_outer_parent\">\n<div class=\"cmsmasters_row_outer\">\n<div class=\"cmsmasters_row_inner\">\n<div class=\"cmsmasters_row_margin\">\n<div id=\"cmsmasters_column_g174bhz30c\" class=\"cmsmasters_column one_third\">\n<div class=\"cmsmasters_column_inner\"><div class=\"aligncenter\"><div class=\"cmsmasters_img  cmsmasters_image_c\"><a href=\"https:\/\/www.witapp.it\/en\/\" target=\"_blank\"><img decoding=\"async\" src=\"https:\/\/www.zaccantispa.it\/wp-content\/uploads\/2023\/11\/WITAPP-Logo-orizzontale-Claim.jpg\" \/><\/a><\/div><\/div>\n<\/div><\/div>\n<div id=\"cmsmasters_column_i1322az3ic\" class=\"cmsmasters_column one_third\">\n<div class=\"cmsmasters_column_inner\"><\/div><\/div>\n<div id=\"cmsmasters_column_nqv2v2f56\" class=\"cmsmasters_column one_third\">\n<div class=\"cmsmasters_column_inner\"><div class=\"aligncenter\"><div class=\"cmsmasters_img  cmsmasters_image_c\"><a href=\"https:\/\/www.uvc-solutions.com\" target=\"_blank\"><img decoding=\"async\" src=\"https:\/\/www.zaccantispa.it\/wp-content\/uploads\/2023\/02\/logo-steripro-black-1-e1701094359826.jpg\" \/><\/a><\/div><\/div>\n<\/div><\/div>\n<\/div>\n<\/div>\n<\/div>\n<\/div>\n<\/div>\n\n","protected":false},"excerpt":{"rendered":"","protected":false},"author":1,"featured_media":0,"parent":0,"menu_order":0,"comment_status":"closed","ping_status":"closed","template":"","meta":{"footnotes":""},"class_list":["post-2807","page","type-page","status-publish","hentry"],"yoast_head":"<!-- This site is optimized with the Yoast SEO plugin v27.4 - https:\/\/yoast.com\/product\/yoast-seo-wordpress\/ -->\n<title>Produkte und Marken f\u00fcr sie - Zaccanti S.p.A.<\/title>\n<meta name=\"robots\" content=\"index, follow, max-snippet:-1, max-image-preview:large, max-video-preview:-1\" \/>\n<link rel=\"canonical\" href=\"https:\/\/www.zaccantispa.it\/de\/servizi-2\/\" \/>\n<meta property=\"og:locale\" content=\"de_DE\" \/>\n<meta property=\"og:type\" content=\"article\" \/>\n<meta property=\"og:title\" content=\"Produkte und Marken f\u00fcr sie - Zaccanti S.p.A.\" \/>\n<meta property=\"og:url\" content=\"https:\/\/www.zaccantispa.it\/de\/servizi-2\/\" \/>\n<meta property=\"og:site_name\" content=\"Zaccanti S.p.A.\" \/>\n<meta property=\"article:publisher\" content=\"https:\/\/www.facebook.com\/ZaccantiSpABologna\" \/>\n<meta property=\"article:modified_time\" content=\"2025-06-16T10:18:09+00:00\" \/>\n<meta name=\"twitter:card\" content=\"summary_large_image\" \/>\n<meta name=\"twitter:label1\" content=\"Gesch\u00e4tzte Lesezeit\" \/>\n\t<meta name=\"twitter:data1\" content=\"2\u00a0Minuten\" \/>\n<script type=\"application\/ld+json\" class=\"yoast-schema-graph\">{\"@context\":\"https:\\\/\\\/schema.org\",\"@graph\":[{\"@type\":\"WebPage\",\"@id\":\"https:\\\/\\\/www.zaccantispa.it\\\/de\\\/servizi-2\\\/\",\"url\":\"https:\\\/\\\/www.zaccantispa.it\\\/de\\\/servizi-2\\\/\",\"name\":\"Produkte und Marken f\u00fcr sie - Zaccanti S.p.A.\",\"isPartOf\":{\"@id\":\"https:\\\/\\\/www.zaccantispa.it\\\/en\\\/#website\"},\"datePublished\":\"2018-03-14T10:15:11+00:00\",\"dateModified\":\"2025-06-16T10:18:09+00:00\",\"breadcrumb\":{\"@id\":\"https:\\\/\\\/www.zaccantispa.it\\\/de\\\/servizi-2\\\/#breadcrumb\"},\"inLanguage\":\"de\",\"potentialAction\":[{\"@type\":\"ReadAction\",\"target\":[\"https:\\\/\\\/www.zaccantispa.it\\\/de\\\/servizi-2\\\/\"]}]},{\"@type\":\"BreadcrumbList\",\"@id\":\"https:\\\/\\\/www.zaccantispa.it\\\/de\\\/servizi-2\\\/#breadcrumb\",\"itemListElement\":[{\"@type\":\"ListItem\",\"position\":1,\"name\":\"Home\",\"item\":\"https:\\\/\\\/www.zaccantispa.it\\\/de\\\/\"},{\"@type\":\"ListItem\",\"position\":2,\"name\":\"Produkte und Marken f\u00fcr sie\"}]},{\"@type\":\"WebSite\",\"@id\":\"https:\\\/\\\/www.zaccantispa.it\\\/en\\\/#website\",\"url\":\"https:\\\/\\\/www.zaccantispa.it\\\/en\\\/\",\"name\":\"Zaccanti S.p.A.\",\"description\":\"La chirurgia esplora nuovi mondi\",\"publisher\":{\"@id\":\"https:\\\/\\\/www.zaccantispa.it\\\/en\\\/#organization\"},\"potentialAction\":[{\"@type\":\"SearchAction\",\"target\":{\"@type\":\"EntryPoint\",\"urlTemplate\":\"https:\\\/\\\/www.zaccantispa.it\\\/en\\\/?s={search_term_string}\"},\"query-input\":{\"@type\":\"PropertyValueSpecification\",\"valueRequired\":true,\"valueName\":\"search_term_string\"}}],\"inLanguage\":\"de\"},{\"@type\":\"Organization\",\"@id\":\"https:\\\/\\\/www.zaccantispa.it\\\/en\\\/#organization\",\"name\":\"Zaccanti s.p.a.\",\"url\":\"https:\\\/\\\/www.zaccantispa.it\\\/en\\\/\",\"logo\":{\"@type\":\"ImageObject\",\"inLanguage\":\"de\",\"@id\":\"https:\\\/\\\/www.zaccantispa.it\\\/en\\\/#\\\/schema\\\/logo\\\/image\\\/\",\"url\":\"https:\\\/\\\/www.zaccantispa.it\\\/wp-content\\\/uploads\\\/2024\\\/05\\\/cropped-2024-02-14-Zaccanti-Bocchetti-Group-70-1954-2024-su-fondo-bianco-logo.png\",\"contentUrl\":\"https:\\\/\\\/www.zaccantispa.it\\\/wp-content\\\/uploads\\\/2024\\\/05\\\/cropped-2024-02-14-Zaccanti-Bocchetti-Group-70-1954-2024-su-fondo-bianco-logo.png\",\"width\":512,\"height\":512,\"caption\":\"Zaccanti s.p.a.\"},\"image\":{\"@id\":\"https:\\\/\\\/www.zaccantispa.it\\\/en\\\/#\\\/schema\\\/logo\\\/image\\\/\"},\"sameAs\":[\"https:\\\/\\\/www.facebook.com\\\/ZaccantiSpABologna\",\"https:\\\/\\\/www.linkedin.com\\\/company\\\/zaccanti-s-p-a\\\/\"]}]}<\/script>\n<!-- \/ Yoast SEO plugin. -->","yoast_head_json":{"title":"Produkte und Marken f\u00fcr sie - Zaccanti S.p.A.","robots":{"index":"index","follow":"follow","max-snippet":"max-snippet:-1","max-image-preview":"max-image-preview:large","max-video-preview":"max-video-preview:-1"},"canonical":"https:\/\/www.zaccantispa.it\/de\/servizi-2\/","og_locale":"de_DE","og_type":"article","og_title":"Produkte und Marken f\u00fcr sie - Zaccanti S.p.A.","og_url":"https:\/\/www.zaccantispa.it\/de\/servizi-2\/","og_site_name":"Zaccanti S.p.A.","article_publisher":"https:\/\/www.facebook.com\/ZaccantiSpABologna","article_modified_time":"2025-06-16T10:18:09+00:00","twitter_card":"summary_large_image","twitter_misc":{"Gesch\u00e4tzte Lesezeit":"2\u00a0Minuten"},"schema":{"@context":"https:\/\/schema.org","@graph":[{"@type":"WebPage","@id":"https:\/\/www.zaccantispa.it\/de\/servizi-2\/","url":"https:\/\/www.zaccantispa.it\/de\/servizi-2\/","name":"Produkte und Marken f\u00fcr sie - Zaccanti S.p.A.","isPartOf":{"@id":"https:\/\/www.zaccantispa.it\/en\/#website"},"datePublished":"2018-03-14T10:15:11+00:00","dateModified":"2025-06-16T10:18:09+00:00","breadcrumb":{"@id":"https:\/\/www.zaccantispa.it\/de\/servizi-2\/#breadcrumb"},"inLanguage":"de","potentialAction":[{"@type":"ReadAction","target":["https:\/\/www.zaccantispa.it\/de\/servizi-2\/"]}]},{"@type":"BreadcrumbList","@id":"https:\/\/www.zaccantispa.it\/de\/servizi-2\/#breadcrumb","itemListElement":[{"@type":"ListItem","position":1,"name":"Home","item":"https:\/\/www.zaccantispa.it\/de\/"},{"@type":"ListItem","position":2,"name":"Produkte und Marken f\u00fcr sie"}]},{"@type":"WebSite","@id":"https:\/\/www.zaccantispa.it\/en\/#website","url":"https:\/\/www.zaccantispa.it\/en\/","name":"Zaccanti S.p.A.","description":"La chirurgia esplora nuovi mondi","publisher":{"@id":"https:\/\/www.zaccantispa.it\/en\/#organization"},"potentialAction":[{"@type":"SearchAction","target":{"@type":"EntryPoint","urlTemplate":"https:\/\/www.zaccantispa.it\/en\/?s={search_term_string}"},"query-input":{"@type":"PropertyValueSpecification","valueRequired":true,"valueName":"search_term_string"}}],"inLanguage":"de"},{"@type":"Organization","@id":"https:\/\/www.zaccantispa.it\/en\/#organization","name":"Zaccanti s.p.a.","url":"https:\/\/www.zaccantispa.it\/en\/","logo":{"@type":"ImageObject","inLanguage":"de","@id":"https:\/\/www.zaccantispa.it\/en\/#\/schema\/logo\/image\/","url":"https:\/\/www.zaccantispa.it\/wp-content\/uploads\/2024\/05\/cropped-2024-02-14-Zaccanti-Bocchetti-Group-70-1954-2024-su-fondo-bianco-logo.png","contentUrl":"https:\/\/www.zaccantispa.it\/wp-content\/uploads\/2024\/05\/cropped-2024-02-14-Zaccanti-Bocchetti-Group-70-1954-2024-su-fondo-bianco-logo.png","width":512,"height":512,"caption":"Zaccanti s.p.a."},"image":{"@id":"https:\/\/www.zaccantispa.it\/en\/#\/schema\/logo\/image\/"},"sameAs":["https:\/\/www.facebook.com\/ZaccantiSpABologna","https:\/\/www.linkedin.com\/company\/zaccanti-s-p-a\/"]}]}},"_links":{"self":[{"href":"https:\/\/www.zaccantispa.it\/de\/wp-json\/wp\/v2\/pages\/2807","targetHints":{"allow":["GET"]}}],"collection":[{"href":"https:\/\/www.zaccantispa.it\/de\/wp-json\/wp\/v2\/pages"}],"about":[{"href":"https:\/\/www.zaccantispa.it\/de\/wp-json\/wp\/v2\/types\/page"}],"author":[{"embeddable":true,"href":"https:\/\/www.zaccantispa.it\/de\/wp-json\/wp\/v2\/users\/1"}],"replies":[{"embeddable":true,"href":"https:\/\/www.zaccantispa.it\/de\/wp-json\/wp\/v2\/comments?post=2807"}],"version-history":[{"count":17,"href":"https:\/\/www.zaccantispa.it\/de\/wp-json\/wp\/v2\/pages\/2807\/revisions"}],"predecessor-version":[{"id":6273,"href":"https:\/\/www.zaccantispa.it\/de\/wp-json\/wp\/v2\/pages\/2807\/revisions\/6273"}],"wp:attachment":[{"href":"https:\/\/www.zaccantispa.it\/de\/wp-json\/wp\/v2\/media?parent=2807"}],"curies":[{"name":"wp","href":"https:\/\/api.w.org\/{rel}","templated":true}]}}