{"id":2903,"date":"2018-03-14T11:27:15","date_gmt":"2018-03-14T10:27:15","guid":{"rendered":"http:\/\/www.zaccantispa.it\/contatti\/"},"modified":"2022-09-19T09:30:00","modified_gmt":"2022-09-19T07:30:00","slug":"contatti","status":"publish","type":"page","link":"https:\/\/www.zaccantispa.it\/de\/contatti\/","title":{"rendered":"Kontakt"},"content":{"rendered":"<div id=\"cmsmasters_row_enmfk9u9ib\" class=\"cmsmasters_row cmsmasters_color_scheme_default cmsmasters_row_top_default cmsmasters_row_bot_default cmsmasters_row_boxed\">\n<div class=\"cmsmasters_row_outer_parent\">\n<div class=\"cmsmasters_row_outer\">\n<div class=\"cmsmasters_row_inner\">\n<div class=\"cmsmasters_row_margin\">\n<div id=\"cmsmasters_column_iinkqk8wom\" class=\"cmsmasters_column one_first\">\n<div class=\"cmsmasters_column_inner\">\n<div id=\"cmsmasters_divider_lry9btuetk\" class=\"cmsmasters_divider cmsmasters_divider_width_long cmsmasters_divider_pos_center\"><\/div>\n<div id=\"cmsmasters_heading_swk6vy31b\" class=\"cmsmasters_heading_wrap cmsmasters_heading_align_left\">\n\t<h2 class=\"cmsmasters_heading\">Kontakt<\/h2>\n<\/div>\n<div id=\"cmsmasters_divider_jmjeo2iwep\" class=\"cmsmasters_divider cmsmasters_divider_width_long cmsmasters_divider_pos_center\"><\/div>\n<\/div><\/div>\n<\/div>\n<\/div>\n<\/div>\n<\/div>\n<\/div>\n<div id=\"cmsmasters_row_9bdqfmey17\" class=\"cmsmasters_row cmsmasters_color_scheme_default cmsmasters_row_top_default cmsmasters_row_bot_default cmsmasters_row_boxed\">\n<div class=\"cmsmasters_row_outer_parent\">\n<div class=\"cmsmasters_row_outer\">\n<div class=\"cmsmasters_row_inner\">\n<div class=\"cmsmasters_row_margin\">\n<div id=\"cmsmasters_column_z8yu7izl18\" class=\"cmsmasters_column one_third\">\n<div class=\"cmsmasters_column_inner\"><div id=\"cmsmasters_icon_box_lmfy779ck9\" class=\"cmsmasters_icon_box cmsmasters_icon_top box_icon_type_icon cmsmasters-icon-location\">\n<div class=\"icon_box_inner\">\n<div class=\"icon_box_text\">\n<p><a href=\"https:\/\/goo.gl\/maps\/xtX2WbeLTZz69V4v9\">Via Benedetto Marcello 1, 40141 Bologna BO<\/a><br \/>\n<a href=\"https:\/\/goo.gl\/maps\/wwFyqvCbwpfvAeaT6\">Viale Sarca 336F \u2013 Edificio 16, 20126 Milano<\/a><\/p>\n<\/div>\n<\/div>\n<\/div>\n<\/div><\/div>\n<div id=\"cmsmasters_column_jxf5xiivnp\" class=\"cmsmasters_column one_third\">\n<div class=\"cmsmasters_column_inner\"><div id=\"cmsmasters_icon_box_j6ox8povxf\" class=\"cmsmasters_icon_box cmsmasters_icon_top box_icon_type_icon cmsmasters-icon-mail\">\n<div class=\"icon_box_inner\">\n<h5 class=\"icon_box_heading\"> info@zaccantispa.it<\/h5>\n<div class=\"icon_box_text\">\n<\/div>\n<\/div>\n<\/div>\n<\/div><\/div>\n<div id=\"cmsmasters_column_m3ptbbxbsc\" class=\"cmsmasters_column one_third\">\n<div class=\"cmsmasters_column_inner\"><div id=\"cmsmasters_icon_box_0yxig4h82q\" class=\"cmsmasters_icon_box cmsmasters_icon_top box_icon_type_icon cmsmasters-icon-phone\">\n<div class=\"icon_box_inner\">\n<div class=\"icon_box_text\">\n<p><a href=\"tel:0039051480948\">+39 051 480948<\/a><br \/>\n<a href=\"http:\/\/00390262068960\">+39 02 62068960<\/a><\/p>\n<\/div>\n<\/div>\n<\/div>\n<\/div><\/div>\n<\/div>\n<\/div>\n<\/div>\n<\/div>\n<\/div>\n<div id=\"cmsmasters_row_po3mmtdnzi\" class=\"cmsmasters_row cmsmasters_color_scheme_default cmsmasters_row_top_default cmsmasters_row_bot_default cmsmasters_row_boxed\">\n<div class=\"cmsmasters_row_outer_parent\">\n<div class=\"cmsmasters_row_outer\">\n<div class=\"cmsmasters_row_inner\">\n<div class=\"cmsmasters_row_margin\">\n<div id=\"cmsmasters_column_knmd1quj4d\" class=\"cmsmasters_column one_first\">\n<div class=\"cmsmasters_column_inner\"><div class=\"cmsmasters_text\">\n<h3><span style=\"color: #0774c2; margin-bottom: 40px;\">Um eine Konsultation anzufordern, f\u00fcllen Sie bitte das folgende Formular aus.\u00a0<\/span><\/h3>\n<p>&nbsp;<\/p>\n<\/div>\n<div class=\"cmsmasters_contact_form\">\n<div class=\"wpcf7 no-js\" id=\"wpcf7-f3016-o1\" lang=\"it-IT\" dir=\"ltr\" data-wpcf7-id=\"3016\">\n<div class=\"screen-reader-response\"><p role=\"status\" aria-live=\"polite\" aria-atomic=\"true\"><\/p> <ul><\/ul><\/div>\n<form action=\"\/de\/wp-json\/wp\/v2\/pages\/2903#wpcf7-f3016-o1\" method=\"post\" class=\"wpcf7-form init\" aria-label=\"Modulo di contatto\" novalidate=\"novalidate\" data-status=\"init\">\n<fieldset class=\"hidden-fields-container\"><input type=\"hidden\" name=\"_wpcf7\" value=\"3016\" \/><input type=\"hidden\" name=\"_wpcf7_version\" value=\"6.1.5\" \/><input type=\"hidden\" name=\"_wpcf7_locale\" value=\"it_IT\" \/><input type=\"hidden\" name=\"_wpcf7_unit_tag\" value=\"wpcf7-f3016-o1\" \/><input type=\"hidden\" name=\"_wpcf7_container_post\" value=\"0\" \/><input type=\"hidden\" name=\"_wpcf7_posted_data_hash\" value=\"\" \/>\n<\/fieldset>\n<div class=\"row\">\n\t<div class=\"col-xs-12 col-md-4\">\n\t\t<p><label> Name (erforderlich)<br \/>\n<span class=\"wpcf7-form-control-wrap\" data-name=\"your-name\"><input size=\"40\" maxlength=\"400\" class=\"wpcf7-form-control wpcf7-text wpcf7-validates-as-required\" aria-required=\"true\" aria-invalid=\"false\" value=\"\" type=\"text\" name=\"your-name\" \/><\/span> <\/label><br \/>\n<label> Institut<br \/>\n<span class=\"wpcf7-form-control-wrap\" data-name=\"istituto\"><input size=\"40\" maxlength=\"400\" class=\"wpcf7-form-control wpcf7-text\" aria-invalid=\"false\" value=\"\" type=\"text\" name=\"istituto\" \/><\/span> <\/label>\n\t\t<\/p>\n\t<\/div>\n\t<div class=\"col-xs-12 col-md-4\">\n\t\t<p><label> Email (erforderlich)<br \/>\n<span class=\"wpcf7-form-control-wrap\" data-name=\"your-email\"><input size=\"40\" maxlength=\"400\" class=\"wpcf7-form-control wpcf7-email wpcf7-validates-as-required wpcf7-text wpcf7-validates-as-email\" aria-required=\"true\" aria-invalid=\"false\" value=\"\" type=\"email\" name=\"your-email\" \/><\/span> <\/label><br \/>\n<label> Telefonnummer (erforderlich)<br \/>\n<span class=\"wpcf7-form-control-wrap\" data-name=\"tel-14\"><input size=\"40\" maxlength=\"400\" class=\"wpcf7-form-control wpcf7-tel wpcf7-validates-as-required wpcf7-text wpcf7-validates-as-tel\" aria-required=\"true\" aria-invalid=\"false\" value=\"\" type=\"tel\" name=\"tel-14\" \/><\/span> <\/label>\n\t\t<\/p>\n\t<\/div>\n\t<div class=\"col-xs-12 col-md-4\">\n\t\t<p><label> Thema<br \/>\n<span class=\"wpcf7-form-control-wrap\" data-name=\"your-subject\"><input size=\"40\" maxlength=\"400\" class=\"wpcf7-form-control wpcf7-text\" aria-invalid=\"false\" value=\"\" type=\"text\" name=\"your-subject\" \/><\/span> <\/label><br \/>\n<label> Nachricht<br \/>\n<span class=\"wpcf7-form-control-wrap\" data-name=\"your-message\"><textarea cols=\"40\" rows=\"4\" maxlength=\"2000\" class=\"wpcf7-form-control wpcf7-textarea\" aria-invalid=\"false\" name=\"your-message\"><\/textarea><\/span> <\/label><br \/>\n<span class=\"wpcf7-form-control-wrap\" data-name=\"acceptance-1\"><span class=\"wpcf7-form-control wpcf7-acceptance\"><span class=\"wpcf7-list-item\"><label><input type=\"checkbox\" name=\"acceptance-1\" value=\"1\" aria-invalid=\"false\" \/><span class=\"wpcf7-list-item-label\">Mit dem Absenden dieses Formulars erkl\u00e4re ich, dass ich die Datenschutzerkl\u00e4rung gelesen habe, und erm\u00e4chtige den f\u00fcr die Verarbeitung Verantwortlichen, mir ausschlie\u00dflich f\u00fcr die Zwecke der <a href=\"https:\/\/www.zaccantispa.it\/de\/privacy-policy-2\/\">Datenschutzbestimmungen.<\/a><\/span><\/label><\/span><\/span><\/span><span class=\"wpcf7-form-control-wrap\" data-name=\"acceptance-2\"><span class=\"wpcf7-form-control wpcf7-acceptance optional\"><span class=\"wpcf7-list-item\"><label><input type=\"checkbox\" name=\"acceptance-2\" value=\"1\" aria-invalid=\"false\" \/><span class=\"wpcf7-list-item-label\">Ich erkl\u00e4re mich damit einverstanden, Werbematerial zu erhalten, wie es im Zweck der <a href=\"https:\/\/www.zaccantispa.it\/de\/privacy-policy-2\/\">Datenschutzbestimmungen.<\/a><\/span><\/label><\/span><\/span><\/span><br \/>\n<input class=\"wpcf7-form-control wpcf7-submit has-spinner\" type=\"submit\" value=\"Senden\" \/>\n\t\t<\/p>\n\t<\/div>\n<\/div><div class=\"wpcf7-response-output\" aria-hidden=\"true\"><\/div>\n<\/form>\n<\/div>\n<\/div>\n<div id=\"cmsmasters_divider_9v4u95b51a\" class=\"cmsmasters_divider cmsmasters_divider_width_long cmsmasters_divider_pos_center\"><\/div>\n<\/div><\/div>\n<\/div>\n<\/div>\n<\/div>\n<\/div>\n<\/div>\n<div id=\"cmsmasters_row_fu45vh82oz\" class=\"cmsmasters_row cmsmasters_color_scheme_default cmsmasters_row_top_default cmsmasters_row_bot_default cmsmasters_row_boxed\">\n<div class=\"cmsmasters_row_outer_parent\">\n<div class=\"cmsmasters_row_outer\">\n<div class=\"cmsmasters_row_inner\">\n<div class=\"cmsmasters_row_margin\">\n<div id=\"cmsmasters_column_y9fapqvktx\" class=\"cmsmasters_column one_third\">\n<div class=\"cmsmasters_column_inner\"><\/div><\/div>\n<div id=\"cmsmasters_column_eo6e1fp5or\" class=\"cmsmasters_column one_third\">\n<div class=\"cmsmasters_column_inner\"><div class=\"aligncenter\"><div class=\"cmsmasters_img  cmsmasters_image_c bussola\"><a href=\"https:\/\/goo.gl\/maps\/Nnu3ZJgqL4u\"><img decoding=\"async\" src=\"https:\/\/www.zaccantispa.it\/wp-content\/uploads\/2018\/12\/compass.png\" \/><\/a><\/div><\/div><div class=\"cmsmasters_text\">\n<h3><\/h3>\n<h3 style=\"text-align: center; margin-top: 40px;\"><a href=\"https:\/\/goo.gl\/maps\/Nnu3ZJgqL4u\"><span style=\"color: #0774c2; margin-bottom: 40px;\">Gehe zur karte<\/span><\/a><\/h3>\n<p>&nbsp;<\/p>\n<p>&nbsp;<\/p>\n<\/div>\n<div id=\"cmsmasters_divider_ae9joxjzv\" class=\"cmsmasters_divider cmsmasters_divider_width_long cmsmasters_divider_pos_center\"><\/div>\n<\/div><\/div>\n<div id=\"cmsmasters_column_2evm9jzwh\" class=\"cmsmasters_column one_third\">\n<div class=\"cmsmasters_column_inner\"><\/div><\/div>\n<\/div>\n<\/div>\n<\/div>\n<\/div>\n<\/div>\n\n","protected":false},"excerpt":{"rendered":"","protected":false},"author":1,"featured_media":0,"parent":0,"menu_order":0,"comment_status":"closed","ping_status":"closed","template":"","meta":{"footnotes":""},"class_list":["post-2903","page","type-page","status-publish","hentry"],"yoast_head":"<!-- This site is optimized with the Yoast SEO plugin v27.2 - https:\/\/yoast.com\/product\/yoast-seo-wordpress\/ -->\n<title>Kontakt - Zaccanti S.p.A.<\/title>\n<meta name=\"robots\" content=\"index, follow, max-snippet:-1, max-image-preview:large, max-video-preview:-1\" \/>\n<link rel=\"canonical\" href=\"https:\/\/www.zaccantispa.it\/de\/contatti\/\" \/>\n<meta property=\"og:locale\" content=\"de_DE\" \/>\n<meta property=\"og:type\" content=\"article\" \/>\n<meta property=\"og:title\" content=\"Kontakt - Zaccanti S.p.A.\" \/>\n<meta property=\"og:url\" content=\"https:\/\/www.zaccantispa.it\/de\/contatti\/\" \/>\n<meta property=\"og:site_name\" content=\"Zaccanti S.p.A.\" \/>\n<meta property=\"article:modified_time\" content=\"2022-09-19T07:30:00+00:00\" \/>\n<meta name=\"twitter:card\" content=\"summary_large_image\" \/>\n<meta name=\"twitter:label1\" content=\"Gesch\u00e4tzte Lesezeit\" \/>\n\t<meta name=\"twitter:data1\" content=\"2\u00a0Minuten\" \/>\n<script type=\"application\/ld+json\" class=\"yoast-schema-graph\">{\"@context\":\"https:\/\/schema.org\",\"@graph\":[{\"@type\":\"WebPage\",\"@id\":\"https:\/\/www.zaccantispa.it\/de\/contatti\/\",\"url\":\"https:\/\/www.zaccantispa.it\/de\/contatti\/\",\"name\":\"Kontakt - Zaccanti S.p.A.\",\"isPartOf\":{\"@id\":\"https:\/\/www.zaccantispa.it\/en\/#website\"},\"datePublished\":\"2018-03-14T10:27:15+00:00\",\"dateModified\":\"2022-09-19T07:30:00+00:00\",\"breadcrumb\":{\"@id\":\"https:\/\/www.zaccantispa.it\/de\/contatti\/#breadcrumb\"},\"inLanguage\":\"de\",\"potentialAction\":[{\"@type\":\"ReadAction\",\"target\":[\"https:\/\/www.zaccantispa.it\/de\/contatti\/\"]}]},{\"@type\":\"BreadcrumbList\",\"@id\":\"https:\/\/www.zaccantispa.it\/de\/contatti\/#breadcrumb\",\"itemListElement\":[{\"@type\":\"ListItem\",\"position\":1,\"name\":\"Home\",\"item\":\"https:\/\/www.zaccantispa.it\/de\/\"},{\"@type\":\"ListItem\",\"position\":2,\"name\":\"Kontakt\"}]},{\"@type\":\"WebSite\",\"@id\":\"https:\/\/www.zaccantispa.it\/en\/#website\",\"url\":\"https:\/\/www.zaccantispa.it\/en\/\",\"name\":\"Zaccanti S.p.A.\",\"description\":\"La chirurgia esplora nuovi mondi\",\"potentialAction\":[{\"@type\":\"SearchAction\",\"target\":{\"@type\":\"EntryPoint\",\"urlTemplate\":\"https:\/\/www.zaccantispa.it\/en\/?s={search_term_string}\"},\"query-input\":{\"@type\":\"PropertyValueSpecification\",\"valueRequired\":true,\"valueName\":\"search_term_string\"}}],\"inLanguage\":\"de\"}]}<\/script>\n<!-- \/ Yoast SEO plugin. -->","yoast_head_json":{"title":"Kontakt - Zaccanti S.p.A.","robots":{"index":"index","follow":"follow","max-snippet":"max-snippet:-1","max-image-preview":"max-image-preview:large","max-video-preview":"max-video-preview:-1"},"canonical":"https:\/\/www.zaccantispa.it\/de\/contatti\/","og_locale":"de_DE","og_type":"article","og_title":"Kontakt - Zaccanti S.p.A.","og_url":"https:\/\/www.zaccantispa.it\/de\/contatti\/","og_site_name":"Zaccanti S.p.A.","article_modified_time":"2022-09-19T07:30:00+00:00","twitter_card":"summary_large_image","twitter_misc":{"Gesch\u00e4tzte Lesezeit":"2\u00a0Minuten"},"schema":{"@context":"https:\/\/schema.org","@graph":[{"@type":"WebPage","@id":"https:\/\/www.zaccantispa.it\/de\/contatti\/","url":"https:\/\/www.zaccantispa.it\/de\/contatti\/","name":"Kontakt - Zaccanti S.p.A.","isPartOf":{"@id":"https:\/\/www.zaccantispa.it\/en\/#website"},"datePublished":"2018-03-14T10:27:15+00:00","dateModified":"2022-09-19T07:30:00+00:00","breadcrumb":{"@id":"https:\/\/www.zaccantispa.it\/de\/contatti\/#breadcrumb"},"inLanguage":"de","potentialAction":[{"@type":"ReadAction","target":["https:\/\/www.zaccantispa.it\/de\/contatti\/"]}]},{"@type":"BreadcrumbList","@id":"https:\/\/www.zaccantispa.it\/de\/contatti\/#breadcrumb","itemListElement":[{"@type":"ListItem","position":1,"name":"Home","item":"https:\/\/www.zaccantispa.it\/de\/"},{"@type":"ListItem","position":2,"name":"Kontakt"}]},{"@type":"WebSite","@id":"https:\/\/www.zaccantispa.it\/en\/#website","url":"https:\/\/www.zaccantispa.it\/en\/","name":"Zaccanti S.p.A.","description":"La chirurgia esplora nuovi mondi","potentialAction":[{"@type":"SearchAction","target":{"@type":"EntryPoint","urlTemplate":"https:\/\/www.zaccantispa.it\/en\/?s={search_term_string}"},"query-input":{"@type":"PropertyValueSpecification","valueRequired":true,"valueName":"search_term_string"}}],"inLanguage":"de"}]}},"_links":{"self":[{"href":"https:\/\/www.zaccantispa.it\/de\/wp-json\/wp\/v2\/pages\/2903","targetHints":{"allow":["GET"]}}],"collection":[{"href":"https:\/\/www.zaccantispa.it\/de\/wp-json\/wp\/v2\/pages"}],"about":[{"href":"https:\/\/www.zaccantispa.it\/de\/wp-json\/wp\/v2\/types\/page"}],"author":[{"embeddable":true,"href":"https:\/\/www.zaccantispa.it\/de\/wp-json\/wp\/v2\/users\/1"}],"replies":[{"embeddable":true,"href":"https:\/\/www.zaccantispa.it\/de\/wp-json\/wp\/v2\/comments?post=2903"}],"version-history":[{"count":5,"href":"https:\/\/www.zaccantispa.it\/de\/wp-json\/wp\/v2\/pages\/2903\/revisions"}],"predecessor-version":[{"id":4941,"href":"https:\/\/www.zaccantispa.it\/de\/wp-json\/wp\/v2\/pages\/2903\/revisions\/4941"}],"wp:attachment":[{"href":"https:\/\/www.zaccantispa.it\/de\/wp-json\/wp\/v2\/media?parent=2903"}],"curies":[{"name":"wp","href":"https:\/\/api.w.org\/{rel}","templated":true}]}}