{"id":5582,"date":"2024-05-10T13:38:38","date_gmt":"2024-05-10T11:38:38","guid":{"rendered":"https:\/\/www.zaccantispa.it\/?page_id=5582"},"modified":"2024-05-14T11:07:02","modified_gmt":"2024-05-14T09:07:02","slug":"teleion","status":"publish","type":"page","link":"https:\/\/www.zaccantispa.it\/de\/teleion\/","title":{"rendered":"T\u00e9leion"},"content":{"rendered":"<div id=\"cmsmasters_row_\" class=\"cmsmasters_row cmsmasters_color_scheme_default cmsmasters_row_top_default cmsmasters_row_bot_default cmsmasters_row_fullwidth\">\n<div id=\"heading-home-zaccanti\" class=\"cmsmasters_row_outer_parent\">\n<div class=\"cmsmasters_row_outer\">\n<div class=\"cmsmasters_row_inner cmsmasters_row_fullwidth cmsmasters_row_no_margin\">\n<div class=\"cmsmasters_row_margin\">\n<div id=\"cmsmasters_column_\" class=\"cmsmasters_column one_first\">\n<div class=\"cmsmasters_column_inner\">\n<div class=\"cmsmasters_slider rev_slider fullwidthabanner revslider-initialised tp-simpleresponsive rev_redraw_on_blurfocus\">\n\t\t\t<!-- START revhomeslider 1 REVOLUTION SLIDER 6.6.3 --><p class=\"rs-p-wp-fix\"><\/p>\n\t\t\t<rs-module-wrap id=\"rev_slider_2_1_wrapper\" data-source=\"gallery\" style=\"visibility:hidden;background:transparent;padding:0;margin:0px auto;margin-top:0;margin-bottom:0;\">\n\t\t\t\t<rs-module id=\"rev_slider_2_1\" style=\"\" data-version=\"6.6.3\">\n\t\t\t\t\t<rs-slides style=\"overflow: hidden; position: absolute;\">\n\t\t\t\t\t\t<rs-slide style=\"position: absolute;\" data-key=\"rs-13\" data-title=\"Slide\" data-anim=\"adpr:false;\" data-in=\"o:0;\" data-out=\"a:false;\">\n\t\t\t\t\t\t\t<img decoding=\"async\" src=\"\/\/www.zaccantispa.it\/wp-content\/plugins\/revslider\/public\/assets\/assets\/dummy.png\" alt=\"\" title=\"image0\" width=\"2000\" height=\"1333\" class=\"rev-slidebg tp-rs-img rs-lazyload\" data-lazyload=\"\/\/www.zaccantispa.it\/wp-content\/uploads\/2024\/05\/image0.png\" data-no-retina>\n<!--\n\t\t\t\t\t\t\t--><rs-layer\n\t\t\t\t\t\t\t\tid=\"slider-2-slide-13-layer-0\" \n\t\t\t\t\t\t\t\tdata-type=\"image\"\n\t\t\t\t\t\t\t\tdata-rsp_ch=\"on\"\n\t\t\t\t\t\t\t\tdata-xy=\"x:1048px;y:170px;\"\n\t\t\t\t\t\t\t\tdata-text=\"w:normal;\"\n\t\t\t\t\t\t\t\tdata-dim=\"w:311px;h:315px;\"\n\t\t\t\t\t\t\t\tdata-frame_999=\"o:0;st:w;\"\n\t\t\t\t\t\t\t\tstyle=\"z-index:7;\"\n\t\t\t\t\t\t\t><img decoding=\"async\" src=\"\/\/www.zaccantispa.it\/wp-content\/plugins\/revslider\/public\/assets\/assets\/dummy.png\" alt=\"\" class=\"tp-rs-img rs-lazyload\" width=\"1278\" height=\"1294\" data-lazyload=\"\/\/www.zaccantispa.it\/wp-content\/uploads\/2024\/05\/Teleion-su-fondo-bianco-logo-2.png\" data-no-retina> \n\t\t\t\t\t\t\t<\/rs-layer><!--\n-->\t\t\t\t\t\t<\/rs-slide>\n\t\t\t\t\t<\/rs-slides>\n\t\t\t\t\t<rs-static-layers><!--\n\t\t\t\t\t--><\/rs-static-layers>\n\t\t\t\t<\/rs-module>\n\t\t\t\t<script>\n\t\t\t\t\tsetREVStartSize({c: 'rev_slider_2_1',rl:[1240,1024,778,480],el:[538],gw:[1423],gh:[538],type:'standard',justify:'',layout:'fullwidth',mh:\"0\"});if (window.RS_MODULES!==undefined && window.RS_MODULES.modules!==undefined && window.RS_MODULES.modules[\"revslider21\"]!==undefined) {window.RS_MODULES.modules[\"revslider21\"].once = false;window.revapi2 = undefined;if (window.RS_MODULES.checkMinimal!==undefined) window.RS_MODULES.checkMinimal()}\n\t\t\t\t<\/script>\n\t\t\t<\/rs-module-wrap>\n\t\t\t<!-- END REVOLUTION SLIDER -->\n<\/div>\n<\/div><\/div>\n<\/div>\n<\/div>\n<\/div>\n<\/div>\n<\/div>\n<div id=\"cmsmasters_row_zsstz4eawd\" class=\"cmsmasters_row cmsmasters_color_scheme_default cmsmasters_row_top_default cmsmasters_row_bot_default cmsmasters_row_boxed\">\n<div class=\"cmsmasters_row_outer_parent\">\n<div class=\"cmsmasters_row_outer\">\n<div class=\"cmsmasters_row_inner\">\n<div class=\"cmsmasters_row_margin\">\n<div id=\"cmsmasters_column_c25cbk9tb\" class=\"cmsmasters_column one_fourth\">\n<div class=\"cmsmasters_column_inner\">\n<div class=\"cmsmasters_sidebar sidebar_layout_11\"><aside id=\"custom_html-11\" class=\"widget_text widget widget_custom_html\"><div class=\"textwidget custom-html-widget\"><div style=\"text-align:center;\"><a href=\"https:\/\/www.zaccantispa.it\/de\/der-name-teleion\/\"><span style=\"color:#fff;font-family: 'Open Sans', Arial, Helvetica, 'Nimbus Sans L', sans-serif;font-size: 13px;line-height: 20px;\"><h4>\r\nDer Name: T\u00e9leion<\/h4><\/span><br\/><img decoding=\"async\" class=\"img-sidebar\" src=\"https:\/\/www.zaccantispa.it\/wp-content\/uploads\/2024\/05\/Teleion-su-fondo-bianco-logo-2.png\" alt=\"img\"><\/a>\r\n<a href=\"https:\/\/www.zaccantispa.it\/de\/die-entstehung-des-logos\/\"><span style=\"color:#fff;font-family: 'Open Sans', Arial, Helvetica, 'Nimbus Sans L', sans-serif;font-size: 13px;line-height: 20px;\"><h4>Die Entstehungsgeschichte des Logos \r\n<\/h4><\/span><br\/>\r\n\t<img decoding=\"async\" class=\"img-sidebar\" src=\"https:\/\/www.zaccantispa.it\/wp-content\/uploads\/2024\/05\/download-10-e1715334976807.png\" alt=\"img\"><\/a><\/div><\/div><\/aside><div class=\"cl\"><\/div>\n<\/div>\n<p><\/p>\n<\/div><\/div>\n<div id=\"cmsmasters_column_aoujqveqmi\" class=\"cmsmasters_column three_fourth\">\n<div class=\"cmsmasters_column_inner\"><div class=\"cmsmasters_text\">\n<p class=\"p1\">Wir bieten ma\u00dfgeschneiderte Projekte, Lieferungen, Installationen und Unterst\u00fctzung mit einem einzigen zentralen Ansprechpartner, der Sicherheit, Innovation und die h\u00f6chste Qualit\u00e4t garantiert, inspiriert von unserer langj\u00e4hrigen Mission: das Gesundheitswesen der Zukunft menschenzentriert und vernetzt zu gestalten.<\/p>\n<p class=\"p1\">Unsere Erfahrung und unsere Positionierung auf dem Markt haben es uns erm\u00f6glicht, funktionelle Partnerschaften mit den besten Unternehmen und Fachpersonal des Sektors aufzubauen, um schl\u00fcsselfertige Operationss\u00e4le im ganzen Land zu realisieren.<span class=\"Apple-converted-space\">\u00a0<\/span><\/p>\n<p class=\"p1\">Ein neues, ehrgeiziges und innovatives Projekt, das unsere gesamte Geschichte, unser Know-how und die Synergien, die wir in \u00fcber 70 Jahren in diesem Bereich aufgebaut und gesammelt haben, einbezieht.<\/p>\n<\/div>\n<div id=\"cmsmasters_divider_gcpz59znhs\" class=\"cmsmasters_divider cmsmasters_divider_width_long cmsmasters_divider_pos_center\"><\/div><div class=\"cmsmasters_contact_form\">\n<div class=\"wpcf7 no-js\" id=\"wpcf7-f5685-o1\" lang=\"it-IT\" dir=\"ltr\" data-wpcf7-id=\"5685\">\n<div class=\"screen-reader-response\"><p role=\"status\" aria-live=\"polite\" aria-atomic=\"true\"><\/p> <ul><\/ul><\/div>\n<form action=\"\/de\/wp-json\/wp\/v2\/pages\/5582#wpcf7-f5685-o1\" method=\"post\" class=\"wpcf7-form init\" aria-label=\"Modulo di contatto\" novalidate=\"novalidate\" data-status=\"init\">\n<fieldset class=\"hidden-fields-container\"><input type=\"hidden\" name=\"_wpcf7\" value=\"5685\" \/><input type=\"hidden\" name=\"_wpcf7_version\" value=\"6.1.5\" \/><input type=\"hidden\" name=\"_wpcf7_locale\" value=\"it_IT\" \/><input type=\"hidden\" name=\"_wpcf7_unit_tag\" value=\"wpcf7-f5685-o1\" \/><input type=\"hidden\" name=\"_wpcf7_container_post\" value=\"0\" \/><input type=\"hidden\" name=\"_wpcf7_posted_data_hash\" value=\"\" \/>\n<\/fieldset>\n<div class=\"row\">\n\t<div class=\"col-xs-12 col-md-4\">\n\t\t<p><label> Name (Angefragt)<br \/>\n<span class=\"wpcf7-form-control-wrap\" data-name=\"your-name\"><input size=\"40\" maxlength=\"400\" class=\"wpcf7-form-control wpcf7-text wpcf7-validates-as-required\" aria-required=\"true\" aria-invalid=\"false\" value=\"\" type=\"text\" name=\"your-name\" \/><\/span> <\/label><br \/>\n<label> Nachname (Angefragt)<br \/>\n<span class=\"wpcf7-form-control-wrap\" data-name=\"Cognome\"><input size=\"40\" maxlength=\"400\" class=\"wpcf7-form-control wpcf7-text wpcf7-validates-as-required\" aria-required=\"true\" aria-invalid=\"false\" value=\"\" type=\"text\" name=\"Cognome\" \/><\/span> <\/label><br \/>\n<label> Krankenhaus (Angefragt)<br \/>\n<span class=\"wpcf7-form-control-wrap\" data-name=\"PresidioOspedaliero\"><input size=\"40\" maxlength=\"400\" class=\"wpcf7-form-control wpcf7-text wpcf7-validates-as-required\" aria-required=\"true\" aria-invalid=\"false\" value=\"\" type=\"text\" name=\"PresidioOspedaliero\" \/><\/span> <\/label><br \/>\n<label> Stadt (Angefragt)<br \/>\n<span class=\"wpcf7-form-control-wrap\" data-name=\"City\"><input size=\"40\" maxlength=\"400\" class=\"wpcf7-form-control wpcf7-text wpcf7-validates-as-required\" aria-required=\"true\" aria-invalid=\"false\" value=\"\" type=\"text\" name=\"City\" \/><\/span> <\/label><br \/>\n<label> E-Mail (Angefragt)<br \/>\n<span class=\"wpcf7-form-control-wrap\" data-name=\"your-email\"><input size=\"40\" maxlength=\"400\" class=\"wpcf7-form-control wpcf7-email wpcf7-validates-as-required wpcf7-text wpcf7-validates-as-email\" aria-required=\"true\" aria-invalid=\"false\" value=\"\" type=\"email\" name=\"your-email\" \/><\/span> <\/label>\n\t\t<\/p>\n\t<\/div>\n\t<div class=\"col-xs-12 col-md-4\">\n\t\t<p><label> Telefon<br \/>\n<span class=\"wpcf7-form-control-wrap\" data-name=\"tel-692\"><input size=\"40\" maxlength=\"400\" class=\"wpcf7-form-control wpcf7-tel wpcf7-text wpcf7-validates-as-tel\" aria-invalid=\"false\" value=\"\" type=\"tel\" name=\"tel-692\" \/><\/span> <\/label><br \/>\n<label> Subject<br \/>\n<span class=\"wpcf7-form-control-wrap\" data-name=\"your-subject\"><input size=\"40\" maxlength=\"400\" class=\"wpcf7-form-control wpcf7-text\" aria-invalid=\"false\" value=\"\" type=\"text\" name=\"your-subject\" \/><\/span> <\/label><br \/>\n<label> Textfeld<br \/>\n<span class=\"wpcf7-form-control-wrap\" data-name=\"your-message\"><textarea cols=\"40\" rows=\"4\" maxlength=\"2000\" class=\"wpcf7-form-control wpcf7-textarea\" aria-invalid=\"false\" name=\"your-message\"><\/textarea><\/span> <\/label>\n\t\t<\/p>\n\t<\/div>\n\t<div class=\"col-xs-12 col-md-4\">\n\t\t<p><span class=\"wpcf7-form-control-wrap\" data-name=\"acceptance-1\"><span class=\"wpcf7-form-control wpcf7-acceptance\"><span class=\"wpcf7-list-item\"><label><input type=\"checkbox\" name=\"acceptance-1\" value=\"1\" aria-invalid=\"false\" \/><span class=\"wpcf7-list-item-label\">Mit dem Absenden dieses Formulars erkl\u00e4re ich, dass ich die Datenschutzerkl\u00e4rung gelesen habe, und erm\u00e4chtige den f\u00fcr die Verarbeitung Verantwortlichen, mir ausschlie\u00dflich f\u00fcr die Zwecke der <a href=\"https:\/\/www.zaccantispa.it\/de\/privacy-policy-2\/\">Datenschutzbestimmungen.<\/a><\/span><\/label><\/span><\/span><\/span><span class=\"wpcf7-form-control-wrap\" data-name=\"acceptance-2\"><span class=\"wpcf7-form-control wpcf7-acceptance optional\"><span class=\"wpcf7-list-item\"><label><input type=\"checkbox\" name=\"acceptance-2\" value=\"1\" aria-invalid=\"false\" \/><span class=\"wpcf7-list-item-label\">Ich erkl\u00e4re mich damit einverstanden, Werbematerial zu erhalten, wie es im Zweck der <a href=\"https:\/\/www.zaccantispa.it\/de\/privacy-policy-2\/\">Datenschutzbestimmungen.<\/a><\/span><\/label><\/span><\/span><\/span><br \/>\n<input class=\"wpcf7-form-control wpcf7-submit has-spinner\" type=\"submit\" value=\"Senden\" \/>\n\t\t<\/p>\n\t<\/div>\n<\/div>\n<div class=\"wpcf7-response-output\" aria-hidden=\"true\"><\/div>\n<\/form>\n<\/div>\n<\/div>\n<\/div><\/div>\n<\/div>\n<\/div>\n<\/div>\n<\/div>\n<\/div>\n\n","protected":false},"excerpt":{"rendered":"","protected":false},"author":1,"featured_media":0,"parent":0,"menu_order":0,"comment_status":"closed","ping_status":"closed","template":"","meta":{"footnotes":""},"class_list":["post-5582","page","type-page","status-publish","hentry"],"yoast_head":"<!-- This site is optimized with the Yoast SEO plugin v27.2 - https:\/\/yoast.com\/product\/yoast-seo-wordpress\/ -->\n<title>T\u00e9leion - Zaccanti S.p.A.<\/title>\n<meta name=\"robots\" content=\"index, follow, max-snippet:-1, max-image-preview:large, max-video-preview:-1\" \/>\n<link rel=\"canonical\" href=\"https:\/\/www.zaccantispa.it\/de\/teleion\/\" \/>\n<meta property=\"og:locale\" content=\"de_DE\" \/>\n<meta property=\"og:type\" content=\"article\" \/>\n<meta property=\"og:title\" content=\"T\u00e9leion - Zaccanti S.p.A.\" \/>\n<meta property=\"og:url\" content=\"https:\/\/www.zaccantispa.it\/de\/teleion\/\" \/>\n<meta property=\"og:site_name\" content=\"Zaccanti S.p.A.\" \/>\n<meta property=\"article:modified_time\" content=\"2024-05-14T09:07:02+00:00\" \/>\n<meta name=\"twitter:card\" content=\"summary_large_image\" \/>\n<meta name=\"twitter:label1\" content=\"Gesch\u00e4tzte Lesezeit\" \/>\n\t<meta name=\"twitter:data1\" content=\"1\u00a0Minute\" \/>\n<script type=\"application\/ld+json\" class=\"yoast-schema-graph\">{\"@context\":\"https:\/\/schema.org\",\"@graph\":[{\"@type\":\"WebPage\",\"@id\":\"https:\/\/www.zaccantispa.it\/de\/teleion\/\",\"url\":\"https:\/\/www.zaccantispa.it\/de\/teleion\/\",\"name\":\"T\u00e9leion - Zaccanti S.p.A.\",\"isPartOf\":{\"@id\":\"https:\/\/www.zaccantispa.it\/en\/#website\"},\"datePublished\":\"2024-05-10T11:38:38+00:00\",\"dateModified\":\"2024-05-14T09:07:02+00:00\",\"breadcrumb\":{\"@id\":\"https:\/\/www.zaccantispa.it\/de\/teleion\/#breadcrumb\"},\"inLanguage\":\"de\",\"potentialAction\":[{\"@type\":\"ReadAction\",\"target\":[\"https:\/\/www.zaccantispa.it\/de\/teleion\/\"]}]},{\"@type\":\"BreadcrumbList\",\"@id\":\"https:\/\/www.zaccantispa.it\/de\/teleion\/#breadcrumb\",\"itemListElement\":[{\"@type\":\"ListItem\",\"position\":1,\"name\":\"Home\",\"item\":\"https:\/\/www.zaccantispa.it\/de\/\"},{\"@type\":\"ListItem\",\"position\":2,\"name\":\"T\u00e9leion\"}]},{\"@type\":\"WebSite\",\"@id\":\"https:\/\/www.zaccantispa.it\/en\/#website\",\"url\":\"https:\/\/www.zaccantispa.it\/en\/\",\"name\":\"Zaccanti S.p.A.\",\"description\":\"La chirurgia esplora nuovi mondi\",\"potentialAction\":[{\"@type\":\"SearchAction\",\"target\":{\"@type\":\"EntryPoint\",\"urlTemplate\":\"https:\/\/www.zaccantispa.it\/en\/?s={search_term_string}\"},\"query-input\":{\"@type\":\"PropertyValueSpecification\",\"valueRequired\":true,\"valueName\":\"search_term_string\"}}],\"inLanguage\":\"de\"}]}<\/script>\n<!-- \/ Yoast SEO plugin. -->","yoast_head_json":{"title":"T\u00e9leion - Zaccanti S.p.A.","robots":{"index":"index","follow":"follow","max-snippet":"max-snippet:-1","max-image-preview":"max-image-preview:large","max-video-preview":"max-video-preview:-1"},"canonical":"https:\/\/www.zaccantispa.it\/de\/teleion\/","og_locale":"de_DE","og_type":"article","og_title":"T\u00e9leion - Zaccanti S.p.A.","og_url":"https:\/\/www.zaccantispa.it\/de\/teleion\/","og_site_name":"Zaccanti S.p.A.","article_modified_time":"2024-05-14T09:07:02+00:00","twitter_card":"summary_large_image","twitter_misc":{"Gesch\u00e4tzte Lesezeit":"1\u00a0Minute"},"schema":{"@context":"https:\/\/schema.org","@graph":[{"@type":"WebPage","@id":"https:\/\/www.zaccantispa.it\/de\/teleion\/","url":"https:\/\/www.zaccantispa.it\/de\/teleion\/","name":"T\u00e9leion - Zaccanti S.p.A.","isPartOf":{"@id":"https:\/\/www.zaccantispa.it\/en\/#website"},"datePublished":"2024-05-10T11:38:38+00:00","dateModified":"2024-05-14T09:07:02+00:00","breadcrumb":{"@id":"https:\/\/www.zaccantispa.it\/de\/teleion\/#breadcrumb"},"inLanguage":"de","potentialAction":[{"@type":"ReadAction","target":["https:\/\/www.zaccantispa.it\/de\/teleion\/"]}]},{"@type":"BreadcrumbList","@id":"https:\/\/www.zaccantispa.it\/de\/teleion\/#breadcrumb","itemListElement":[{"@type":"ListItem","position":1,"name":"Home","item":"https:\/\/www.zaccantispa.it\/de\/"},{"@type":"ListItem","position":2,"name":"T\u00e9leion"}]},{"@type":"WebSite","@id":"https:\/\/www.zaccantispa.it\/en\/#website","url":"https:\/\/www.zaccantispa.it\/en\/","name":"Zaccanti S.p.A.","description":"La chirurgia esplora nuovi mondi","potentialAction":[{"@type":"SearchAction","target":{"@type":"EntryPoint","urlTemplate":"https:\/\/www.zaccantispa.it\/en\/?s={search_term_string}"},"query-input":{"@type":"PropertyValueSpecification","valueRequired":true,"valueName":"search_term_string"}}],"inLanguage":"de"}]}},"_links":{"self":[{"href":"https:\/\/www.zaccantispa.it\/de\/wp-json\/wp\/v2\/pages\/5582","targetHints":{"allow":["GET"]}}],"collection":[{"href":"https:\/\/www.zaccantispa.it\/de\/wp-json\/wp\/v2\/pages"}],"about":[{"href":"https:\/\/www.zaccantispa.it\/de\/wp-json\/wp\/v2\/types\/page"}],"author":[{"embeddable":true,"href":"https:\/\/www.zaccantispa.it\/de\/wp-json\/wp\/v2\/users\/1"}],"replies":[{"embeddable":true,"href":"https:\/\/www.zaccantispa.it\/de\/wp-json\/wp\/v2\/comments?post=5582"}],"version-history":[{"count":6,"href":"https:\/\/www.zaccantispa.it\/de\/wp-json\/wp\/v2\/pages\/5582\/revisions"}],"predecessor-version":[{"id":5687,"href":"https:\/\/www.zaccantispa.it\/de\/wp-json\/wp\/v2\/pages\/5582\/revisions\/5687"}],"wp:attachment":[{"href":"https:\/\/www.zaccantispa.it\/de\/wp-json\/wp\/v2\/media?parent=5582"}],"curies":[{"name":"wp","href":"https:\/\/api.w.org\/{rel}","templated":true}]}}